{"id":53,"date":"2020-07-04T19:16:04","date_gmt":"2020-07-04T17:16:04","guid":{"rendered":"http:\/\/synology\/wordpress\/?page_id=53"},"modified":"2020-07-05T07:32:44","modified_gmt":"2020-07-05T07:32:44","slug":"phase-1-fuer-kleinkinder","status":"publish","type":"page","link":"https:\/\/musikgarten-pfeddersheim.de\/?page_id=53","title":{"rendered":"Phase 1: F\u00fcr Kleinkinder"},"content":{"rendered":"\n<figure class=\"wp-block-image size-large is-resized\"><img loading=\"lazy\" decoding=\"async\" src=\"http:\/\/wp.musikgarten-pfeddersheim.de\/wp-content\/uploads\/2020\/07\/mgarten6.jpg\" alt=\"\" class=\"wp-image-103\" width=\"436\" height=\"287\" srcset=\"https:\/\/musikgarten-pfeddersheim.de\/wp-content\/uploads\/2020\/07\/mgarten6.jpg 400w, https:\/\/musikgarten-pfeddersheim.de\/wp-content\/uploads\/2020\/07\/mgarten6-300x197.jpg 300w\" sizes=\"auto, (max-width: 436px) 100vw, 436px\" \/><\/figure>\n\n\n\n<p> Der Kurs richtet sich an Eltern mit Kindern von 18 &#8211; 36 Monate.<br>Die  Kleinkinder werden immer aktiver und beginnen weitere Ausfl\u00fcge in die  Umgebung zu unternehmen. Das Staunen \u00fcber Bewegungen, Echospiele und  Instrumentalspiel steigert sich zu begeistertem Imitieren. Der  Musikgarten st\u00e4rkt diese Neigung und f\u00f6rdert das Sprech- und  H\u00f6rverhalten. Es gibt keinerlei Leistungserwartung. F\u00fcr die Eltern ist  es eine gute Gelegenheit, die oft vergessenen Melodien und Reime ihrer  eigenen Kindheit wieder zu entdecken. <\/p>\n","protected":false},"excerpt":{"rendered":"<p>Der Kurs richtet sich an Eltern mit Kindern von 18 &#8211; 36 Monate.Die Kleinkinder werden immer aktiver und beginnen weitere Ausfl\u00fcge in die Umgebung zu unternehmen. Das Staunen \u00fcber Bewegungen, Echospiele und Instrumentalspiel steigert sich zu begeistertem Imitieren. Der Musikgarten &hellip; <\/p>\n","protected":false},"author":1,"featured_media":0,"parent":0,"menu_order":0,"comment_status":"closed","ping_status":"closed","template":"","meta":{"footnotes":""},"class_list":["post-53","page","type-page","status-publish","hentry"],"_links":{"self":[{"href":"https:\/\/musikgarten-pfeddersheim.de\/index.php?rest_route=\/wp\/v2\/pages\/53","targetHints":{"allow":["GET"]}}],"collection":[{"href":"https:\/\/musikgarten-pfeddersheim.de\/index.php?rest_route=\/wp\/v2\/pages"}],"about":[{"href":"https:\/\/musikgarten-pfeddersheim.de\/index.php?rest_route=\/wp\/v2\/types\/page"}],"author":[{"embeddable":true,"href":"https:\/\/musikgarten-pfeddersheim.de\/index.php?rest_route=\/wp\/v2\/users\/1"}],"replies":[{"embeddable":true,"href":"https:\/\/musikgarten-pfeddersheim.de\/index.php?rest_route=%2Fwp%2Fv2%2Fcomments&post=53"}],"version-history":[{"count":1,"href":"https:\/\/musikgarten-pfeddersheim.de\/index.php?rest_route=\/wp\/v2\/pages\/53\/revisions"}],"predecessor-version":[{"id":151,"href":"https:\/\/musikgarten-pfeddersheim.de\/index.php?rest_route=\/wp\/v2\/pages\/53\/revisions\/151"}],"wp:attachment":[{"href":"https:\/\/musikgarten-pfeddersheim.de\/index.php?rest_route=%2Fwp%2Fv2%2Fmedia&parent=53"}],"curies":[{"name":"wp","href":"https:\/\/api.w.org\/{rel}","templated":true}]}}