{"id":55,"date":"2020-07-04T19:15:52","date_gmt":"2020-07-04T17:15:52","guid":{"rendered":"http:\/\/synology\/wordpress\/?page_id=55"},"modified":"2020-07-05T07:34:29","modified_gmt":"2020-07-05T07:34:29","slug":"phase-2-fuer-kinder-von-3-bis-5-jahren","status":"publish","type":"page","link":"https:\/\/musikgarten-pfeddersheim.de\/?page_id=55","title":{"rendered":"Phase 2: F\u00fcr Kinder von 3 bis 5 Jahren"},"content":{"rendered":"\n<h3 class=\"wp-block-heading\"> Der musikalische Jahreskreis <\/h3>\n\n\n\n<p>Im Kindergartenalter nehmen die Kinder den Ablauf des Jahres wahr: Den  hellen &#8222;Fr\u00fchling&#8220;, den hei\u00dfen &#8222;Sommer&#8220;, den bunten &#8222;Herbst&#8220; und den  klirrenden&#8220;Winter&#8220;.<\/p>\n\n\n\n<p><\/p>\n\n\n\n<p><br>Die Kinder l\u00f6sen sich allm\u00e4hlich vom sicheren  Scho\u00df der Eltern und erproben ihre Unabh\u00e4ngigkeit. Das Gruppenerlebnis  r\u00fcckt in den Mittelpunkt. Der Musikgarten reagiert mit rhythmischen und  sprachlichen Echospielen, mit T\u00e4nzen und gezieltem Einsatz von  Instrumenten. <\/p>\n","protected":false},"excerpt":{"rendered":"<p>Der musikalische Jahreskreis Im Kindergartenalter nehmen die Kinder den Ablauf des Jahres wahr: Den hellen &#8222;Fr\u00fchling&#8220;, den hei\u00dfen &#8222;Sommer&#8220;, den bunten &#8222;Herbst&#8220; und den klirrenden&#8220;Winter&#8220;. Die Kinder l\u00f6sen sich allm\u00e4hlich vom sicheren Scho\u00df der Eltern und erproben ihre Unabh\u00e4ngigkeit. Das &hellip; <\/p>\n","protected":false},"author":1,"featured_media":0,"parent":0,"menu_order":0,"comment_status":"closed","ping_status":"closed","template":"","meta":{"footnotes":""},"class_list":["post-55","page","type-page","status-publish","hentry"],"_links":{"self":[{"href":"https:\/\/musikgarten-pfeddersheim.de\/index.php?rest_route=\/wp\/v2\/pages\/55","targetHints":{"allow":["GET"]}}],"collection":[{"href":"https:\/\/musikgarten-pfeddersheim.de\/index.php?rest_route=\/wp\/v2\/pages"}],"about":[{"href":"https:\/\/musikgarten-pfeddersheim.de\/index.php?rest_route=\/wp\/v2\/types\/page"}],"author":[{"embeddable":true,"href":"https:\/\/musikgarten-pfeddersheim.de\/index.php?rest_route=\/wp\/v2\/users\/1"}],"replies":[{"embeddable":true,"href":"https:\/\/musikgarten-pfeddersheim.de\/index.php?rest_route=%2Fwp%2Fv2%2Fcomments&post=55"}],"version-history":[{"count":2,"href":"https:\/\/musikgarten-pfeddersheim.de\/index.php?rest_route=\/wp\/v2\/pages\/55\/revisions"}],"predecessor-version":[{"id":153,"href":"https:\/\/musikgarten-pfeddersheim.de\/index.php?rest_route=\/wp\/v2\/pages\/55\/revisions\/153"}],"wp:attachment":[{"href":"https:\/\/musikgarten-pfeddersheim.de\/index.php?rest_route=%2Fwp%2Fv2%2Fmedia&parent=55"}],"curies":[{"name":"wp","href":"https:\/\/api.w.org\/{rel}","templated":true}]}}