{"id":84,"date":"2020-07-04T20:12:26","date_gmt":"2020-07-04T18:12:26","guid":{"rendered":"http:\/\/synology\/wordpress\/?page_id=84"},"modified":"2020-07-05T07:32:08","modified_gmt":"2020-07-05T07:32:08","slug":"wir-machen-musik","status":"publish","type":"page","link":"https:\/\/musikgarten-pfeddersheim.de\/","title":{"rendered":"Wir machen Musik"},"content":{"rendered":"\n<h2 class=\"wp-block-heading\">Wir machen Musik<\/h2>\n\n\n\n<figure class=\"wp-block-image size-large is-resized\"><img loading=\"lazy\" decoding=\"async\" src=\"http:\/\/wp.musikgarten-pfeddersheim.de\/wp-content\/uploads\/2020\/07\/mgarten5.jpg\" alt=\"\" class=\"wp-image-102\" width=\"558\" height=\"367\" srcset=\"https:\/\/musikgarten-pfeddersheim.de\/wp-content\/uploads\/2020\/07\/mgarten5.jpg 400w, https:\/\/musikgarten-pfeddersheim.de\/wp-content\/uploads\/2020\/07\/mgarten5-300x197.jpg 300w\" sizes=\"auto, (max-width: 558px) 100vw, 558px\" \/><\/figure>\n\n\n\n<p><a rel=\"noreferrer noopener\" href=\"http:\/\/www.musikgarten.info\/\" target=\"_blank\">Musikgarten &#8211; Gemeinsam Musizieren<\/a>  ist ein musikp\u00e4dagogisches Konzept, das Kinder ab dem S\u00e4uglingsalter  und deren Eltern zum gemeinsamen Musizieren anregt. Durch musikalische  Kinderspiele, T\u00e4nze und durch das gemeinsame Singen k\u00f6nnen die Kinder  zusammen mit ihren Eltern ohne vorgegebene Leistungserwartungen die  eigene Stimme und ihren K\u00f6rper entdecken und Freude daran haben.<\/p>\n\n\n\n<p><br>Einfache Instrumente wie Klangh\u00f6lzer, Gl\u00f6ckchen, Rasseln oder Trommeln f\u00fchren  das Kind in die Welt der Kl\u00e4nge. Der &#8222;Musikgarten&#8220; betont die  musikalische Wechselbeziehung zwischen dem Kind und dem Erwachsenen.  Wenn Eltern z.B. etwas vorsingen, so ist dies f\u00fcr ein Kind der st\u00e4rkste  Anreiz zum eigenen Singen. <\/p>\n\n\n\n<p><br>Im Rahmen der musikalischen Fr\u00fcherziehung bietet Cornelia Hahn-Schwaiger den Musikgarten f\u00fcr Babys, Kleinkinder und Kindergartenkinder an. Alle Kurse finden in Pfeddersheim statt.<\/p>\n\n\n\n<div style=\"height:86px\" aria-hidden=\"true\" class=\"wp-block-spacer\"><\/div>\n\n\n\n<p><a href=\"http:\/\/wp.musikgarten-pfeddersheim.de\/?page_id=92\">Bericht <\/a>erschienen am 31.10.2012 im Wormser Wochenblatt. <\/p>\n","protected":false},"excerpt":{"rendered":"<p>Wir machen Musik Musikgarten &#8211; Gemeinsam Musizieren ist ein musikp\u00e4dagogisches Konzept, das Kinder ab dem S\u00e4uglingsalter und deren Eltern zum gemeinsamen Musizieren anregt. Durch musikalische Kinderspiele, T\u00e4nze und durch das gemeinsame Singen k\u00f6nnen die Kinder zusammen mit ihren Eltern ohne &hellip; <\/p>\n","protected":false},"author":1,"featured_media":0,"parent":0,"menu_order":0,"comment_status":"closed","ping_status":"closed","template":"","meta":{"footnotes":""},"class_list":["post-84","page","type-page","status-publish","hentry"],"_links":{"self":[{"href":"https:\/\/musikgarten-pfeddersheim.de\/index.php?rest_route=\/wp\/v2\/pages\/84","targetHints":{"allow":["GET"]}}],"collection":[{"href":"https:\/\/musikgarten-pfeddersheim.de\/index.php?rest_route=\/wp\/v2\/pages"}],"about":[{"href":"https:\/\/musikgarten-pfeddersheim.de\/index.php?rest_route=\/wp\/v2\/types\/page"}],"author":[{"embeddable":true,"href":"https:\/\/musikgarten-pfeddersheim.de\/index.php?rest_route=\/wp\/v2\/users\/1"}],"replies":[{"embeddable":true,"href":"https:\/\/musikgarten-pfeddersheim.de\/index.php?rest_route=%2Fwp%2Fv2%2Fcomments&post=84"}],"version-history":[{"count":4,"href":"https:\/\/musikgarten-pfeddersheim.de\/index.php?rest_route=\/wp\/v2\/pages\/84\/revisions"}],"predecessor-version":[{"id":149,"href":"https:\/\/musikgarten-pfeddersheim.de\/index.php?rest_route=\/wp\/v2\/pages\/84\/revisions\/149"}],"wp:attachment":[{"href":"https:\/\/musikgarten-pfeddersheim.de\/index.php?rest_route=%2Fwp%2Fv2%2Fmedia&parent=84"}],"curies":[{"name":"wp","href":"https:\/\/api.w.org\/{rel}","templated":true}]}}